{"id":9,"date":"2016-05-31T18:54:51","date_gmt":"2016-05-31T18:54:51","guid":{"rendered":"https:\/\/salvadormontesa.com\/montesa\/?page_id=9"},"modified":"2020-10-08T16:57:02","modified_gmt":"2020-10-08T14:57:02","slug":"biografia","status":"publish","type":"page","link":"https:\/\/salvadormontesa.com\/montesa\/biografia\/","title":{"rendered":"Biograf\u00eda"},"content":{"rendered":"\n[et_pb_section fb_built=&#8221;1&#8243; admin_label=&#8221;section&#8221; _builder_version=&#8221;3.22&#8243;][et_pb_row admin_label=&#8221;row&#8221; _builder_version=&#8221;3.25&#8243; background_size=&#8221;initial&#8221; background_position=&#8221;top_left&#8221; background_repeat=&#8221;repeat&#8221;][et_pb_column type=&#8221;4_4&#8243; _builder_version=&#8221;3.25&#8243; custom_padding=&#8221;|||&#8221; custom_padding__hover=&#8221;|||&#8221;][et_pb_text admin_label=&#8221;Text&#8221; _builder_version=&#8221;3.27.4&#8243; background_size=&#8221;initial&#8221; background_position=&#8221;top_left&#8221; background_repeat=&#8221;repeat&#8221;]<p><img loading=\"lazy\" decoding=\"async\" class=\"alignleft wp-image-59 size-medium\" title=\"Salvador Montesa\" src=\"https:\/\/salvadormontesa.com\/montesa\/wp-content\/uploads\/2016\/05\/foto1-231x300.jpg\" alt=\"Foto Montesa\" width=\"231\" height=\"300\" srcset=\"https:\/\/salvadormontesa.com\/montesa\/wp-content\/uploads\/2016\/05\/foto1-231x300.jpg 231w, https:\/\/salvadormontesa.com\/montesa\/wp-content\/uploads\/2016\/05\/foto1.jpg 615w\" sizes=\"auto, (max-width: 231px) 100vw, 231px\" \/><\/p>\n<p>Paiporta (Valencia)\u00a0 1932<\/p>\n<p>Estudios:<\/p>\n<p>Escuela Superior\u00a0 BB.AA., San Carlos, Valencia, 1946 &#8211; 1951, Secciones Pintura y Grabado; Escuela Superior BB.AA. San Fernando, Madrid, 1951 &#8211; 1953, Secci\u00f3n Grabado; Ecole Sup\u00e9rieure de Beaux Arts, Paris, 1958 -1962, Secci\u00f3n Litograf\u00eda y Grabado.<\/p>\n<p>Premio Ciudad de Valencia de pintura,1951 -1952. \u00a0Premio Nacional\u00a0Arte Universitario, de grabado. Premio Nacional San Fernando,Cadiz.<\/p>\n<p>Pensionado en Francia por la Diputaci\u00f3n de Valencia, 1956 -1957: Becario del Gobierno Franc\u00e9s, 1959, 1960<\/p>\n<p>Miembro Fundador del Grupo Parpall\u00f3. Ilustra las revistas La Hora, Alcal\u00e1 y La Nave junto a Lara, Mampaso, Valdevieso y Genov\u00e9s.<\/p>\n<p>Colaborador en la Secci\u00f3n de Estudios de Catalogaci\u00f3n de Obras del Museo de Arte Contemporaneo de Sevilla, 1973 &#8211; 1975.<\/p>\n<p>Profesor, auxiliar, adjunto de ense\u00f1anza de l&#8217;Ecole Alsacienne, Paris, cursos 1959-60, 1960-61 &#8211; teniendo como alumnos a Claude y Paloma Picasso.<\/p>\n<p>Profesor de Dibujo de Karlskrona L\u00e4roverk, Karlskrona, Suecia, cursos 1961-62,1962-63<\/p>\n<p>Profesor de Historia del Arte en los cursos de verano de la Universidad Laval de Quebec, Canad\u00e1,\u00a0 1969.<\/p>\n<p>Catedr\u00e1tico de Dibujo, por oposici\u00f3n, del I.N.E.M. Fernando Herrera de Sevilla, 1969.<\/p>\n<p>Distinci\u00f3n de la Generalitat Valencia al M\u00e9rito Cultural, 2018.<\/p>\n<p>Museos y Colecciones:<\/p>\n<p>IVAM Valencia; Museo de la Ciudad, Valencia; Diputaci\u00f3n de Valencia; Museo de Arte Contempor\u00e1neo, Villafam\u00e9s; Casa Col\u00f3n, Las Palmas de Gran Canaria; CAAC, Sevilla; Arte contempor\u00e1neo Universidad de Sevilla; Fondo Arte Contempor\u00e1neo, Ja\u00e9n;\u00a0 Colecci\u00f3n Bancaja\u00a0 Valencia; Caja Sur C\u00f3rdoba. Ayuntamiento de Dos Hermanas, Sevilla; Fundaci\u00f3n Chirivella \u00c2\u2013 Soriano, Valencia.<\/p>\n<p>Exposiciones:<\/p>\n<p>Galeria Quint, Palma de Mallorca. Exposici\u00f3n de Primavera, Madrid. Grupo Parpall\u00f3, Valencia. Grupo Parpall\u00f3, Barcelona. Bienal Iberoamericana. Colegio de Espa\u00f1a, Paris. Grupo Parpall\u00f3, Ateneo Madrid. 9 Peintres Espagnols, Paris. Bienal de Paris. Maison Internationale, Paris. Maison de Beaux Arts, Paris. M\u00fcnchen Kunsthalle. Primeras Firmas, Valencia. Sal\u00f3n de Marzo, Valencia. Sal\u00f3n de Marzo, Alicante. La R\u00e1bida, Sevilla. Galeria de Luis, Madrid. Antol\u00f3gica de Primavera, Madrid. Galeria Bernesga, Le\u00f3n. Galeria Vida, Sevilla. Galeria Decade, Ginebra. Galeria Melchor,\u00a0 Sevilla.\u00a0Casa\u00a0 Museo\u00a0 Col\u00f3n, Las Palmas de Gran Canaria. Tasili, Oviedo. Centro de Arte M11, Sevilla. Pintores de Sevilla, Centro Cultural Villa de Madrid. Dibujo en Sevilla, Caja San Fernando. Ayuntamiento de Valencia. Galeria Horizonte, Jerez.\u00a0 Club Financiero, Madrid. Galeria Manuela, C\u00f3rdoba. Galeria Madelca, Las Palmas de Gran Canaria. Artexpo &#8211; Texas 83, USA. Galeria Liberty, Malaga. Peque\u00f1o Formato Arte Taller, Mairena. Galeria Haurie, Sevilla. Galeria Dur\u00e1n, Madrid. Conmemorativa Grupo Parpall\u00f3, Palau dela Scala, Valencia. Casa de la Cultura, Dos Hermanas. IVAM, Valencia. Interart 96, Galeria Garb\u00ed, Valencia. Feria Arte Contempor\u00e1neo, Sevilla. Galeria Kreisler, Barcelona. Arte Santander. Internacional de Arte, Marbella. Galeria Tavira, Bilbao.\u00a0 Galeria Peironcely, Madrid. Sala Gran Capit\u00e1n, Caja Sur, C\u00f3rdoba. Doble H\u00e9llice, Dos Hermanas,Sevilla. Museo Rajoler\u00eda, Paiporta, Valencia, Galer\u00eda Kim, Murcia. Arte contempor\u00e1neo en colecciones privadas, Casa de Col\u00f3n, Huelva.<\/p>\n<p>2004<\/p>\n<p>\u2022 SEACEX \u2013 Espa\u00f1a a\u00f1os 50; una d\u00e9cada de Creaci\u00f3n, Museo Municipal de M\u00e1laga<\/p>\n<p>\u2022 M\u00fccsarnok Kunsthalle, Budapest<\/p>\n<p>\u2022 N\u00e1rodn\u00ed Galerie, Praga<\/p>\n<p>\u2022 Kim Gallery, Murcia<\/p>\n<p>2005<\/p>\n<p>\u2022 La L\u00ednea Roja , Instituto Cervantes, Estocolmo<\/p>\n<p>\u2022 Colecciones del IVAM<\/p>\n<p>2006<\/p>\n<p>\u2022 Sala Municipal Lonja del Pescado, Alicante<\/p>\n<p>\u2022 Centro Cultural La Almona, Dos Hermanas<\/p>\n<p>\u2022 Kim Gallery, Murcia<\/p>\n<p>2007<\/p>\n<p>\u2022 Grupo Parpall\u00f3, Centro de Exposiciones y Congresos, Zaragoza<\/p>\n<p>\u2022 Museo de Arte Contempor\u00e1neo Conde Duque, Madrid<\/p>\n<p>2009<\/p>\n<p>\u2022Fundaci\u00f3n Museo Jorge Oteiza, Alzuza, Navarra<\/p>\n<p>2010<\/p>\n<p>\u2022 Exposici\u00f3n La Sombra de Oteiza en el arte espa\u00f1ol: Fundaci\u00f3n Museo Jorge Oteiza, Navarra.<\/p>\n<p>\u2022 Ibercaja, Patio de la Infanta, Zaragoza<\/p>\n<p>2015<\/p>\n<p>\u2022 Galer\u00eda Odalys, Madrid.<\/p>\n<p>2016<\/p>\n<p>\u2022 Fundaci\u00f3n Chirivella Soriano, Valencia.<\/p>\n<p>2017<\/p>\n<p>\u2022 Secuencias y Transfiguraci\u00f3n; Museu Rajoleria -Ajuntament de Paiporta, Paiporta, Valencia.<\/p>\n<p>2019<\/p>\n<p>\u2022\u00a0 La aventura del Equipo M\u00faltiple y la Vanguardia Sevillana de su \u00e9poca. (1969-1972). ICAS, Sevilla.<\/p>\n<p>2020<\/p>\n<p>\u2022\u00a0 Aproximaci\u00f3n a La Geometr\u00eda Valenciana. Museo de la Ciudad , Valencia.<\/p>\n<p>&nbsp;<\/p>\n<p>Pinturas murales en:<\/p>\n<p>Instituto San Vicente Ferrer, Valencia. Residencia\u00a0 Lambert, Campo Olivar, Valencia. Frigorificos L.O.S., Valencia. Casa de Valencia en Sevilla (destruida a\u00f1os-60), Iglesia de Sant Jordi, Paiporta, Valencia.<\/p>[\/et_pb_text][\/et_pb_column][\/et_pb_row][\/et_pb_section]\n","protected":false},"excerpt":{"rendered":"<p>Paiporta (Valencia)\u00a0 1932 Estudios: Escuela Superior\u00a0 BB.AA., San Carlos, Valencia, 1946 &#8211; 1951, Secciones Pintura y Grabado; Escuela Superior BB.AA. San Fernando, Madrid, 1951 &#8211; 1953, Secci\u00f3n Grabado; Ecole Sup\u00e9rieure de Beaux Arts, Paris, 1958 -1962, Secci\u00f3n Litograf\u00eda y Grabado. Premio Ciudad de Valencia de pintura,1951 -1952. \u00a0Premio Nacional\u00a0Arte Universitario, de grabado. Premio Nacional San [&hellip;]<\/p>\n","protected":false},"author":1,"featured_media":0,"parent":0,"menu_order":4,"comment_status":"closed","ping_status":"closed","template":"","meta":{"_et_pb_use_builder":"on","_et_pb_old_content":"<img class=\"alignleft wp-image-59 size-medium\" title=\"Salvador Montesa\" src=\"https:\/\/salvadormontesa.com\/montesa\/wp-content\/uploads\/2016\/05\/foto1-231x300.jpg\" alt=\"Foto Montesa\" width=\"231\" height=\"300\" \/>\r\n\r\nPaiporta (Valencia)\u00a0 1932\r\n\r\nEstudios:\r\n\r\nEscuela Superior\u00a0 BB.AA., San Carlos, Valencia, 1946 - 1951, Secciones Pintura y Grabado; Escuela Superior BB.AA. San Fernando, Madrid, 1951 - 1953, Secci\u00f3n Grabado; Ecole Sup\u00e9rieure de Beaux Arts, Paris, 1958 -1962, Secci\u00f3n Litograf\u00eda y Grabado.\r\n\r\nPremio Ciudad de Valencia de pintura,1951 -1952. \u00a0Premio Nacional\u00a0Arte Universitario, de grabado. Premio Nacional San Fernando,Cadiz.\r\n\r\nPensionado en Francia por la Diputaci\u00f3n de Valencia, 1956 -1957: Becario del Gobierno Franc\u00e9s, 1959, 1960\r\n\r\nMiembro Fundador del Grupo Parpall\u00f3. Ilustra las revistas La Hora, Alcal\u00e1 y La Nave junto a Lara, Mampaso, Valdevieso y Genov\u00e9s.\r\n\r\nColaborador en la Secci\u00f3n de Estudios de Catalogaci\u00f3n de Obras del Museo de Arte Contemporaneo de Sevilla, 1973 - 1975.\r\n\r\nProfesor, auxiliar, adjunto de ense\u00f1anza de l'Ecole Alsacienne, Paris, cursos 1959-60, 1960-61 - teniendo como alumnos a Claude y Paloma Picasso.\r\n\r\nProfesor de Dibujo de Karlskrona L\u00e4roverk, Karlskrona, Suecia, cursos 1961-62,1962-63\r\n\r\nProfesor de Historia del Arte en los cursos de verano de la Universidad Laval de Quebec, Canad\u00e1,\u00a0 1969.\r\n\r\nCatedr\u00e1tico de Dibujo, por oposici\u00f3n, del I.N.E.M. Fernando Herrera de Sevilla, 1969.\r\n\r\nDistinci\u00f3n de la Generalitat Valencia al M\u00e9rito Cultural, 2018.\r\n\r\nMuseos y Colecciones:\r\n\r\nIVAM Valencia; Museo de la Ciudad, Valencia; Diputaci\u00f3n de Valencia; Museo de Arte Contempor\u00e1neo, Villafam\u00e9s; Casa Col\u00f3n, Las Palmas de Gran Canaria; CAAC, Sevilla; Arte contempor\u00e1neo Universidad de Sevilla; Fondo Arte Contempor\u00e1neo, Ja\u00e9n;\u00a0 Colecci\u00f3n Bancaja\u00a0 Valencia; Caja Sur C\u00f3rdoba. Ayuntamiento de Dos Hermanas, Sevilla; Fundaci\u00f3n Chirivella \u00c2\u2013 Soriano, Valencia.\r\n\r\nExposiciones:\r\n\r\nGaleria Quint, Palma de Mallorca. Exposici\u00f3n de Primavera, Madrid. Grupo Parpall\u00f3, Valencia. Grupo Parpall\u00f3, Barcelona. Bienal Iberoamericana. Colegio de Espa\u00f1a, Paris. Grupo Parpall\u00f3, Ateneo Madrid. 9 Peintres Espagnols, Paris. Bienal de Paris. Maison Internationale, Paris. Maison de Beaux Arts, Paris. M\u00fcnchen Kunsthalle. Primeras Firmas, Valencia. Sal\u00f3n de Marzo, Valencia. Sal\u00f3n de Marzo, Alicante. La R\u00e1bida, Sevilla. Galeria de Luis, Madrid. Antol\u00f3gica de Primavera, Madrid. Galeria Bernesga, Le\u00f3n. Galeria Vida, Sevilla. Galeria Decade, Ginebra. Galeria Melchor,\u00a0 Sevilla.\u00a0Casa\u00a0 Museo\u00a0 Col\u00f3n, Las Palmas de Gran Canaria. Tasili, Oviedo. Centro de Arte M11, Sevilla. Pintores de Sevilla, Centro Cultural Villa de Madrid. Dibujo en Sevilla, Caja San Fernando. Ayuntamiento de Valencia. Galeria Horizonte, Jerez.\u00a0 Club Financiero, Madrid. Galeria Manuela, C\u00f3rdoba. Galeria Madelca, Las Palmas de Gran Canaria. Artexpo - Texas 83, USA. Galeria Liberty, Malaga. Peque\u00f1o Formato Arte Taller, Mairena. Galeria Haurie, Sevilla. Galeria Dur\u00e1n, Madrid. Conmemorativa Grupo Parpall\u00f3, Palau dela Scala, Valencia. Casa de la Cultura, Dos Hermanas. IVAM, Valencia. Interart 96, Galeria Garb\u00ed, Valencia. Feria Arte Contempor\u00e1neo, Sevilla. Galeria Kreisler, Barcelona. Arte Santander. Internacional de Arte, Marbella. Galeria Tavira, Bilbao.\u00a0 Galeria Peironcely, Madrid. Sala Gran Capit\u00e1n, Caja Sur, C\u00f3rdoba. Doble H\u00e9llice, Dos Hermanas,Sevilla. Museo Rajoler\u00eda, Paiporta, Valencia, Galer\u00eda Kim, Murcia. Arte contempor\u00e1neo en colecciones privadas, Casa de Col\u00f3n, Huelva.\r\n\r\n2004\r\n\r\n\u2022 SEACEX \u2013 Espa\u00f1a a\u00f1os 50; una d\u00e9cada de Creaci\u00f3n, Museo Municipal de M\u00e1laga\r\n\r\n\u2022 M\u00fccsarnok Kunsthalle, Budapest\r\n\r\n\u2022 N\u00e1rodn\u00ed Galerie, Praga\r\n\r\n\u2022 Kim Gallery, Murcia\r\n\r\n2005\r\n\r\n\u2022 La L\u00ednea Roja , Instituto Cervantes, Estocolmo\r\n\r\n\u2022 Colecciones del IVAM\r\n\r\n2006\r\n\r\n\u2022 Sala Municipal Lonja del Pescado, Alicante\r\n\r\n\u2022 Centro Cultural La Almona, Dos Hermanas\r\n\r\n\u2022 Kim Gallery, Murcia\r\n\r\n2007\r\n\r\n\u2022 Grupo Parpall\u00f3, Centro de Exposiciones y Congresos, Zaragoza\r\n\r\n\u2022 Museo de Arte Contempor\u00e1neo Conde Duque, Madrid\r\n\r\n2009\r\n\r\n\u2022Fundaci\u00f3n Museo Jorge Oteiza, Alzuza, Navarra\r\n\r\n2010\r\n\r\n\u2022 Exposici\u00f3n La Sombra de Oteiza en el arte espa\u00f1ol: Fundaci\u00f3n Museo Jorge Oteiza, Navarra.\r\n\r\n\u2022 Ibercaja, Patio de la Infanta, Zaragoza\r\n\r\n2015\r\n\r\n\u2022 Galer\u00eda Odalys, Madrid.\r\n\r\n2016\r\n\r\n\u2022 Fundaci\u00f3n Chirivella Soriano, Valencia.\r\n\r\n2017\r\n\r\n\u2022 Secuencias y Transfiguraci\u00f3n; Museu Rajoleria -Ajuntament de Paiporta, Paiporta, Valencia.\r\n\r\n&nbsp;\r\n\r\nPinturas murales en:\r\n\r\nInstituto San Vicente Ferrer, Valencia. Residencia\u00a0 Lambert, Campo Olivar, Valencia. Frigorificos L.O.S., Valencia. Casa de Valencia en Sevilla (destruida a\u00f1os-60), Iglesia de Sant Jordi, Paiporta, Valencia.","_et_gb_content_width":"","footnotes":""},"class_list":["post-9","page","type-page","status-publish","hentry"],"_links":{"self":[{"href":"https:\/\/salvadormontesa.com\/montesa\/wp-json\/wp\/v2\/pages\/9","targetHints":{"allow":["GET"]}}],"collection":[{"href":"https:\/\/salvadormontesa.com\/montesa\/wp-json\/wp\/v2\/pages"}],"about":[{"href":"https:\/\/salvadormontesa.com\/montesa\/wp-json\/wp\/v2\/types\/page"}],"author":[{"embeddable":true,"href":"https:\/\/salvadormontesa.com\/montesa\/wp-json\/wp\/v2\/users\/1"}],"replies":[{"embeddable":true,"href":"https:\/\/salvadormontesa.com\/montesa\/wp-json\/wp\/v2\/comments?post=9"}],"version-history":[{"count":11,"href":"https:\/\/salvadormontesa.com\/montesa\/wp-json\/wp\/v2\/pages\/9\/revisions"}],"predecessor-version":[{"id":26377,"href":"https:\/\/salvadormontesa.com\/montesa\/wp-json\/wp\/v2\/pages\/9\/revisions\/26377"}],"wp:attachment":[{"href":"https:\/\/salvadormontesa.com\/montesa\/wp-json\/wp\/v2\/media?parent=9"}],"curies":[{"name":"wp","href":"https:\/\/api.w.org\/{rel}","templated":true}]}}